{"id":2,"date":"2021-07-08T10:37:44","date_gmt":"2021-07-08T10:37:44","guid":{"rendered":"https:\/\/www.csarcenciel.fr\/?page_id=2"},"modified":"2021-08-11T15:38:23","modified_gmt":"2021-08-11T15:38:23","slug":"sample-page","status":"publish","type":"page","link":"https:\/\/www.csarcenciel.fr\/?page_id=2","title":{"rendered":"Nos partenaires"},"content":{"rendered":"<p>Nos Partenaires institutionnels :<\/p>\n<p><img loading=\"lazy\" decoding=\"async\" class=\"alignnone size-full wp-image-117\" src=\"https:\/\/www.csarcenciel.fr\/wp-content\/uploads\/2021\/08\/financeurs.png\" alt=\"\" width=\"818\" height=\"90\" srcset=\"https:\/\/www.csarcenciel.fr\/wp-content\/uploads\/2021\/08\/financeurs.png 818w, https:\/\/www.csarcenciel.fr\/wp-content\/uploads\/2021\/08\/financeurs-300x33.png 300w, https:\/\/www.csarcenciel.fr\/wp-content\/uploads\/2021\/08\/financeurs-768x84.png 768w\" sizes=\"auto, (max-width: 818px) 100vw, 818px\" \/><\/p>\n<hr \/>\n<p>Les structures partenaires de la commune :<\/p>\n<ul>\n<li>La Ville de Saint Fons<\/li>\n<li>Le CAP<\/li>\n<li>La M\u00e9diath\u00e8que RMG<\/li>\n<li>Le th\u00e9\u00e2tre Jean Marais<\/li>\n<li>Alliade<\/li>\n<li>Batig\u00e8re<\/li>\n<li>Les Bons Plans<\/li>\n<li>Le CCAS<\/li>\n<\/ul>\n<hr \/>\n<p>Nos Partenaires associatifs :<\/p>\n<ul>\n<li>ECS<\/li>\n<li>COSF<\/li>\n<li>Maison des Parents Saint Foniards<\/li>\n<\/ul>\n<p>&nbsp;<\/p>\n","protected":false},"excerpt":{"rendered":"<p>Nos Partenaires institutionnels : Les structures partenaires de la commune : La Ville de Saint Fons Le CAP La M\u00e9diath\u00e8que RMG Le th\u00e9\u00e2tre Jean Marais Alliade Batig\u00e8re Les Bons Plans Le CCAS Nos Partenaires associatifs : ECS COSF Maison des Parents Saint Foniards &nbsp;<\/p>\n","protected":false},"author":1,"featured_media":0,"parent":0,"menu_order":0,"comment_status":"closed","ping_status":"closed","template":"","meta":{"footnotes":""},"class_list":["post-2","page","type-page","status-publish","hentry"],"_links":{"self":[{"href":"https:\/\/www.csarcenciel.fr\/index.php?rest_route=\/wp\/v2\/pages\/2","targetHints":{"allow":["GET"]}}],"collection":[{"href":"https:\/\/www.csarcenciel.fr\/index.php?rest_route=\/wp\/v2\/pages"}],"about":[{"href":"https:\/\/www.csarcenciel.fr\/index.php?rest_route=\/wp\/v2\/types\/page"}],"author":[{"embeddable":true,"href":"https:\/\/www.csarcenciel.fr\/index.php?rest_route=\/wp\/v2\/users\/1"}],"replies":[{"embeddable":true,"href":"https:\/\/www.csarcenciel.fr\/index.php?rest_route=%2Fwp%2Fv2%2Fcomments&post=2"}],"version-history":[{"count":6,"href":"https:\/\/www.csarcenciel.fr\/index.php?rest_route=\/wp\/v2\/pages\/2\/revisions"}],"predecessor-version":[{"id":120,"href":"https:\/\/www.csarcenciel.fr\/index.php?rest_route=\/wp\/v2\/pages\/2\/revisions\/120"}],"wp:attachment":[{"href":"https:\/\/www.csarcenciel.fr\/index.php?rest_route=%2Fwp%2Fv2%2Fmedia&parent=2"}],"curies":[{"name":"wp","href":"https:\/\/api.w.org\/{rel}","templated":true}]}}