{"id":12,"date":"2021-07-17T08:16:08","date_gmt":"2021-07-17T08:16:08","guid":{"rendered":"https:\/\/www.csarcenciel.fr\/?page_id=12"},"modified":"2025-09-11T14:39:04","modified_gmt":"2025-09-11T14:39:04","slug":"a-propos-de","status":"publish","type":"page","link":"https:\/\/www.csarcenciel.fr\/","title":{"rendered":"Accueil"},"content":{"rendered":"\r\n<p><img loading=\"lazy\" decoding=\"async\" class=\"size-full wp-image-202 aligncenter\" src=\"https:\/\/www.csarcenciel.fr\/wp-content\/uploads\/2022\/04\/bandeau-csc.png\" alt=\"\" width=\"1895\" height=\"566\" srcset=\"https:\/\/www.csarcenciel.fr\/wp-content\/uploads\/2022\/04\/bandeau-csc.png 1895w, https:\/\/www.csarcenciel.fr\/wp-content\/uploads\/2022\/04\/bandeau-csc-300x90.png 300w, https:\/\/www.csarcenciel.fr\/wp-content\/uploads\/2022\/04\/bandeau-csc-1024x306.png 1024w, https:\/\/www.csarcenciel.fr\/wp-content\/uploads\/2022\/04\/bandeau-csc-768x229.png 768w, https:\/\/www.csarcenciel.fr\/wp-content\/uploads\/2022\/04\/bandeau-csc-1536x459.png 1536w, https:\/\/www.csarcenciel.fr\/wp-content\/uploads\/2022\/04\/bandeau-csc-1568x468.png 1568w\" sizes=\"auto, (max-width: 1895px) 100vw, 1895px\" \/><\/p>\r\n<p><strong>Les Centres Socioculture<\/strong><strong>ls, ce sont cinq \u00e9quipements :<\/strong><\/p>\r\n<p><img loading=\"lazy\" decoding=\"async\" class=\"aligncenter wp-image-284 size-large\" src=\"https:\/\/www.csarcenciel.fr\/wp-content\/uploads\/2022\/09\/icone-cinq-1024x220.png\" alt=\"\" width=\"750\" height=\"161\" srcset=\"https:\/\/www.csarcenciel.fr\/wp-content\/uploads\/2022\/09\/icone-cinq-1024x220.png 1024w, https:\/\/www.csarcenciel.fr\/wp-content\/uploads\/2022\/09\/icone-cinq-300x65.png 300w, https:\/\/www.csarcenciel.fr\/wp-content\/uploads\/2022\/09\/icone-cinq-768x165.png 768w, https:\/\/www.csarcenciel.fr\/wp-content\/uploads\/2022\/09\/icone-cinq.png 1055w\" sizes=\"auto, (max-width: 750px) 100vw, 750px\" \/><\/p>\r\n<ul>\r\n<li>2 Centres Socioculturels : Clochettes et Arsenal<\/li>\r\n<li>1 EAJE : Multi accueil Les Grenouilles Bleues<\/li>\r\n<li>1 Espace Jeu et Num\u00e9rique<\/li>\r\n<li>1 Espace d&rsquo;Animation<\/li>\r\n<\/ul>\r\n<p><b>Des \u00e9quipements de proximit\u00e9 au service des habitants ouverts \u00e0 tous<\/b><\/p>\r\n<ul>\r\n<li>Des \u00e9quipes professionnelles, b\u00e9n\u00e9voles, des partenaires associatifs qui mettent en \u0153uvre le projet<\/li>\r\n<li>Des valeurs associatives et une adh\u00e9sion \u00e0 la F\u00e9d\u00e9ration des Centres Sociaux<\/li>\r\n<li>Des actions \u00ab Hors les murs \u00bb tout au long de l\u2019ann\u00e9e<\/li>\r\n<li>Une adh\u00e9sion associative<\/li>\r\n<\/ul>\r\n<hr \/>\r\n<h4>Documents \u00e0 t\u00e9l\u00e9charger :<\/h4>\r\n<ul>\r\n<li><a href=\"https:\/\/www.csarcenciel.fr\/wp-content\/uploads\/2025\/09\/plaquette-25-26-Version-Finale-web.pdf\"><span style=\"color: #ff6600;\"><strong>Plaquette 2025-2026<\/strong><\/span><\/a><\/li>\r\n<li><a href=\"https:\/\/www.csarcenciel.fr\/wp-content\/uploads\/2025\/05\/AG-2024-WEB.pdf\"><strong>Rapport d&rsquo;Assembl\u00e9e G\u00e9n\u00e9rale 2024<\/strong><\/a><\/li>\r\n<li><a href=\"https:\/\/www.csarcenciel.fr\/wp-content\/uploads\/2024\/09\/AG-2023-WEB.pdf\"><strong>Rapport d&rsquo;Assembl\u00e9e G\u00e9n\u00e9rale 2023<\/strong><\/a><\/li>\r\n<li><span style=\"color: #ff6600;\"><strong><a style=\"color: #ff6600;\" href=\"https:\/\/www.csarcenciel.fr\/wp-content\/uploads\/2023\/06\/AG-2022-web.pdf\" target=\"_blank\" rel=\"noopener\">Rapport d&rsquo;Assembl\u00e9e G\u00e9n\u00e9rale 2022<\/a><\/strong><\/span><\/li>\r\n<li><span style=\"color: #ff6600;\"><strong><a style=\"color: #ff6600;\" href=\"https:\/\/www.csarcenciel.fr\/wp-content\/uploads\/2022\/03\/AG-2021-web.pdf\" target=\"_blank\" rel=\"noopener\">Rapport d&rsquo;Assembl\u00e9e G\u00e9n\u00e9rale 2021<\/a><\/strong><\/span><\/li>\r\n<li><a href=\"https:\/\/www.csarcenciel.fr\/wp-content\/uploads\/2021\/08\/Synthese-Projet-social-familles-CSC-CL-et-ARS-2020-24-1-1.pdf\" target=\"_blank\" rel=\"noopener\"><span style=\"color: #ff6600;\"><strong>Projet Social et Familial 2020-2024<\/strong><\/span><\/a><\/li>\r\n<\/ul>\r\n<p>&nbsp;<\/p>\r\n","protected":false},"excerpt":{"rendered":"<p>Les Centres Socioculturels, ce sont cinq \u00e9quipements : 2 Centres Socioculturels : Clochettes et Arsenal 1 EAJE : Multi accueil Les Grenouilles Bleues 1 Espace Jeu et Num\u00e9rique 1 Espace d&rsquo;Animation Des \u00e9quipements de proximit\u00e9 au service des habitants ouverts \u00e0 tous Des \u00e9quipes professionnelles, b\u00e9n\u00e9voles, des partenaires associatifs qui mettent en \u0153uvre le projet [&hellip;]<\/p>\n","protected":false},"author":1,"featured_media":0,"parent":0,"menu_order":0,"comment_status":"closed","ping_status":"closed","template":"","meta":{"footnotes":""},"class_list":["post-12","page","type-page","status-publish","hentry"],"_links":{"self":[{"href":"https:\/\/www.csarcenciel.fr\/index.php?rest_route=\/wp\/v2\/pages\/12","targetHints":{"allow":["GET"]}}],"collection":[{"href":"https:\/\/www.csarcenciel.fr\/index.php?rest_route=\/wp\/v2\/pages"}],"about":[{"href":"https:\/\/www.csarcenciel.fr\/index.php?rest_route=\/wp\/v2\/types\/page"}],"author":[{"embeddable":true,"href":"https:\/\/www.csarcenciel.fr\/index.php?rest_route=\/wp\/v2\/users\/1"}],"replies":[{"embeddable":true,"href":"https:\/\/www.csarcenciel.fr\/index.php?rest_route=%2Fwp%2Fv2%2Fcomments&post=12"}],"version-history":[{"count":34,"href":"https:\/\/www.csarcenciel.fr\/index.php?rest_route=\/wp\/v2\/pages\/12\/revisions"}],"predecessor-version":[{"id":558,"href":"https:\/\/www.csarcenciel.fr\/index.php?rest_route=\/wp\/v2\/pages\/12\/revisions\/558"}],"wp:attachment":[{"href":"https:\/\/www.csarcenciel.fr\/index.php?rest_route=%2Fwp%2Fv2%2Fmedia&parent=12"}],"curies":[{"name":"wp","href":"https:\/\/api.w.org\/{rel}","templated":true}]}}